{"id":316,"date":"2025-06-06T11:33:33","date_gmt":"2025-06-06T14:33:33","guid":{"rendered":"https:\/\/thebookingcloud.com\/akawe\/?page_id=316"},"modified":"2025-08-01T15:28:00","modified_gmt":"2025-08-01T18:28:00","slug":"book","status":"publish","type":"page","link":"https:\/\/thebookingcloud.com\/akawe\/en\/book\/","title":{"rendered":"Book now"},"content":{"rendered":"\t\t<div data-elementor-type=\"wp-page\" data-elementor-id=\"316\" class=\"elementor elementor-316\">\n\t\t\t\t\t\t<div class=\"elementor-inner\">\n\t\t\t\t<div class=\"elementor-section-wrap\">\n\t\t\t\t\t\t\t\t\t<section class=\"elementor-section elementor-top-section elementor-element elementor-element-2148858 elementor-hidden-desktop elementor-hidden-tablet elementor-hidden-phone elementor-section-boxed elementor-section-height-default elementor-section-height-default\" data-id=\"2148858\" data-element_type=\"section\">\n\t\t\t\t\t\t<div class=\"elementor-container elementor-column-gap-default\">\n\t\t\t\t\t\t\t<div class=\"elementor-row\">\n\t\t\t\t\t<div class=\"elementor-column elementor-col-100 elementor-top-column elementor-element elementor-element-3dedd54\" data-id=\"3dedd54\" data-element_type=\"column\">\n\t\t\t<div class=\"elementor-column-wrap elementor-element-populated\">\n\t\t\t\t\t\t\t<div class=\"elementor-widget-wrap\">\n\t\t\t\t\t\t<section class=\"elementor-section elementor-inner-section elementor-element elementor-element-e656d1c elementor-section-boxed elementor-section-height-default elementor-section-height-default\" data-id=\"e656d1c\" data-element_type=\"section\">\n\t\t\t\t\t\t<div class=\"elementor-container elementor-column-gap-default\">\n\t\t\t\t\t\t\t<div class=\"elementor-row\">\n\t\t\t\t\t<div class=\"elementor-column elementor-col-50 elementor-inner-column elementor-element elementor-element-4ab2258\" data-id=\"4ab2258\" data-element_type=\"column\">\n\t\t\t<div class=\"elementor-column-wrap elementor-element-populated\">\n\t\t\t\t\t\t\t<div class=\"elementor-widget-wrap\">\n\t\t\t\t\t\t<div class=\"elementor-element elementor-element-101470a elementor-widget elementor-widget-image\" data-id=\"101470a\" data-element_type=\"widget\" data-widget_type=\"image.default\">\n\t\t\t\t<div class=\"elementor-widget-container\">\n\t\t\t\t\t\t\t\t<div class=\"elementor-image\">\n\t\t\t\t\t\t\t\t\t\t\t\t<img loading=\"lazy\" decoding=\"async\" width=\"128\" height=\"128\" src=\"https:\/\/thebookingcloud.com\/akawe\/wp-content\/uploads\/2021\/09\/info.png\" class=\"attachment-thumbnail size-thumbnail wp-image-253\" alt=\"\" srcset=\"https:\/\/thebookingcloud.com\/akawe\/wp-content\/uploads\/2021\/09\/info.png 128w, https:\/\/thebookingcloud.com\/akawe\/wp-content\/uploads\/2021\/09\/info-66x66.png 66w\" sizes=\"auto, (max-width: 128px) 100vw, 128px\" \/>\t\t\t\t\t\t\t\t\t\t\t\t\t\t<\/div>\n\t\t\t\t\t\t<\/div>\n\t\t\t\t<\/div>\n\t\t\t\t\t\t<\/div>\n\t\t\t\t\t<\/div>\n\t\t<\/div>\n\t\t\t\t<div class=\"elementor-column elementor-col-50 elementor-inner-column elementor-element elementor-element-70f281f\" data-id=\"70f281f\" data-element_type=\"column\">\n\t\t\t<div class=\"elementor-column-wrap elementor-element-populated\">\n\t\t\t\t\t\t\t<div class=\"elementor-widget-wrap\">\n\t\t\t\t\t\t<div class=\"elementor-element elementor-element-3977715 elementor-widget elementor-widget-text-editor\" data-id=\"3977715\" data-element_type=\"widget\" data-widget_type=\"text-editor.default\">\n\t\t\t\t<div class=\"elementor-widget-container\">\n\t\t\t\t\t\t\t\t<div class=\"elementor-text-editor elementor-clearfix\">\n\t\t\t\t<p>Los ni\u00f1os entran gratis, pero solo dos (2) menores de hasta ocho (8) a\u00f1os. De 9 a\u00f1os en adelante deben reservarse como adultos. Las habitaciones son dobles con un m\u00e1ximo de cuatro (4) pasajeros.<\/p>\t\t\t\t\t<\/div>\n\t\t\t\t\t\t<\/div>\n\t\t\t\t<\/div>\n\t\t\t\t\t\t<\/div>\n\t\t\t\t\t<\/div>\n\t\t<\/div>\n\t\t\t\t\t\t\t\t<\/div>\n\t\t\t\t\t<\/div>\n\t\t<\/section>\n\t\t\t\t\t\t<\/div>\n\t\t\t\t\t<\/div>\n\t\t<\/div>\n\t\t\t\t\t\t\t\t<\/div>\n\t\t\t\t\t<\/div>\n\t\t<\/section>\n\t\t\t\t<section class=\"elementor-section elementor-top-section elementor-element elementor-element-6052d89 elementor-section-stretched elementor-section-boxed elementor-section-height-default elementor-section-height-default\" data-id=\"6052d89\" data-element_type=\"section\" data-settings=\"{&quot;stretch_section&quot;:&quot;section-stretched&quot;,&quot;background_background&quot;:&quot;gradient&quot;}\">\n\t\t\t\t\t\t<div class=\"elementor-container elementor-column-gap-default\">\n\t\t\t\t\t\t\t<div class=\"elementor-row\">\n\t\t\t\t\t<div class=\"elementor-column elementor-col-50 elementor-top-column elementor-element elementor-element-51951b9\" data-id=\"51951b9\" data-element_type=\"column\">\n\t\t\t<div class=\"elementor-column-wrap elementor-element-populated\">\n\t\t\t\t\t\t\t<div class=\"elementor-widget-wrap\">\n\t\t\t\t\t\t<div class=\"elementor-element elementor-element-bee811f elementor-invisible elementor-widget elementor-widget-image\" data-id=\"bee811f\" data-element_type=\"widget\" data-settings=\"{&quot;_animation&quot;:&quot;flash&quot;}\" data-widget_type=\"image.default\">\n\t\t\t\t<div class=\"elementor-widget-container\">\n\t\t\t\t\t\t\t\t<div class=\"elementor-image\">\n\t\t\t\t\t\t\t\t\t\t\t\t<img loading=\"lazy\" decoding=\"async\" width=\"64\" height=\"64\" src=\"https:\/\/thebookingcloud.com\/akawe\/wp-content\/uploads\/2025\/07\/active-1.png\" class=\"attachment-thumbnail size-thumbnail wp-image-411\" alt=\"\" \/>\t\t\t\t\t\t\t\t\t\t\t\t\t\t<\/div>\n\t\t\t\t\t\t<\/div>\n\t\t\t\t<\/div>\n\t\t\t\t\t\t<\/div>\n\t\t\t\t\t<\/div>\n\t\t<\/div>\n\t\t\t\t<div class=\"elementor-column elementor-col-50 elementor-top-column elementor-element elementor-element-1e2b69f\" data-id=\"1e2b69f\" data-element_type=\"column\">\n\t\t\t<div class=\"elementor-column-wrap elementor-element-populated\">\n\t\t\t\t\t\t\t<div class=\"elementor-widget-wrap\">\n\t\t\t\t\t\t<div class=\"elementor-element elementor-element-34d77d4 elementor-widget elementor-widget-text-editor\" data-id=\"34d77d4\" data-element_type=\"widget\" data-widget_type=\"text-editor.default\">\n\t\t\t\t<div class=\"elementor-widget-container\">\n\t\t\t\t\t\t\t\t<div class=\"elementor-text-editor elementor-clearfix\">\n\t\t\t\t<p class=\"p1\">2026 RESERVATIONS OPEN \u2013 Don\u2019t miss your favorite dates!<\/p>\t\t\t\t\t<\/div>\n\t\t\t\t\t\t<\/div>\n\t\t\t\t<\/div>\n\t\t\t\t\t\t<\/div>\n\t\t\t\t\t<\/div>\n\t\t<\/div>\n\t\t\t\t\t\t\t\t<\/div>\n\t\t\t\t\t<\/div>\n\t\t<\/section>\n\t\t\t\t<section class=\"elementor-section elementor-top-section elementor-element elementor-element-c1bd2f2 elementor-section-boxed elementor-section-height-default elementor-section-height-default\" data-id=\"c1bd2f2\" data-element_type=\"section\">\n\t\t\t\t\t\t<div class=\"elementor-container elementor-column-gap-default\">\n\t\t\t\t\t\t\t<div class=\"elementor-row\">\n\t\t\t\t\t<div class=\"elementor-column elementor-col-100 elementor-top-column elementor-element elementor-element-7f2efdd\" data-id=\"7f2efdd\" data-element_type=\"column\">\n\t\t\t<div class=\"elementor-column-wrap elementor-element-populated\">\n\t\t\t\t\t\t\t<div class=\"elementor-widget-wrap\">\n\t\t\t\t\t\t<div class=\"elementor-element elementor-element-29c871f elementor-widget elementor-widget-text-editor\" data-id=\"29c871f\" data-element_type=\"widget\" data-widget_type=\"text-editor.default\">\n\t\t\t\t<div class=\"elementor-widget-container\">\n\t\t\t\t\t\t\t\t<div class=\"elementor-text-editor elementor-clearfix\">\n\t\t\t\t<p><\/p>\t\t\t\t\t<\/div>\n\t\t\t\t\t\t<\/div>\n\t\t\t\t<\/div>\n\t\t\t\t<div class=\"elementor-element elementor-element-e9aa9f4 elementor-widget elementor-widget-image\" data-id=\"e9aa9f4\" data-element_type=\"widget\" data-widget_type=\"image.default\">\n\t\t\t\t<div class=\"elementor-widget-container\">\n\t\t\t\t\t\t\t\t<div class=\"elementor-image\">\n\t\t\t\t\t\t\t\t\t\t\t\t<img loading=\"lazy\" decoding=\"async\" width=\"400\" height=\"34\" src=\"https:\/\/thebookingcloud.com\/akawe\/wp-content\/uploads\/2025\/06\/secure-payment-credit-cards-by-Stripe-Visa-MasterCard-American-Express.jpg\" class=\"attachment-full size-full wp-image-309\" alt=\"\" srcset=\"https:\/\/thebookingcloud.com\/akawe\/wp-content\/uploads\/2025\/06\/secure-payment-credit-cards-by-Stripe-Visa-MasterCard-American-Express.jpg 400w, https:\/\/thebookingcloud.com\/akawe\/wp-content\/uploads\/2025\/06\/secure-payment-credit-cards-by-Stripe-Visa-MasterCard-American-Express-300x26.jpg 300w\" sizes=\"auto, (max-width: 400px) 100vw, 400px\" \/>\t\t\t\t\t\t\t\t\t\t\t\t\t\t<\/div>\n\t\t\t\t\t\t<\/div>\n\t\t\t\t<\/div>\n\t\t\t\t<div class=\"elementor-element elementor-element-502f064 elementor-widget-divider--view-line elementor-widget elementor-widget-divider\" data-id=\"502f064\" data-element_type=\"widget\" data-widget_type=\"divider.default\">\n\t\t\t\t<div class=\"elementor-widget-container\">\n\t\t\t\t\t<div class=\"elementor-divider\">\n\t\t\t<span class=\"elementor-divider-separator\">\n\t\t\t\t\t\t<\/span>\n\t\t<\/div>\n\t\t\t\t<\/div>\n\t\t\t\t<\/div>\n\t\t\t\t\t\t<\/div>\n\t\t\t\t\t<\/div>\n\t\t<\/div>\n\t\t\t\t\t\t\t\t<\/div>\n\t\t\t\t\t<\/div>\n\t\t<\/section>\n\t\t\t\t<section class=\"elementor-section elementor-top-section elementor-element elementor-element-9c4b889 elementor-hidden-desktop elementor-hidden-tablet elementor-hidden-phone elementor-section-boxed elementor-section-height-default elementor-section-height-default\" data-id=\"9c4b889\" data-element_type=\"section\">\n\t\t\t\t\t\t<div class=\"elementor-container elementor-column-gap-default\">\n\t\t\t\t\t\t\t<div class=\"elementor-row\">\n\t\t\t\t\t<div class=\"elementor-column elementor-col-100 elementor-top-column elementor-element elementor-element-19ba431\" data-id=\"19ba431\" data-element_type=\"column\">\n\t\t\t<div class=\"elementor-column-wrap elementor-element-populated\">\n\t\t\t\t\t\t\t<div class=\"elementor-widget-wrap\">\n\t\t\t\t\t\t<div class=\"elementor-element elementor-element-c601340 elementor-widget elementor-widget-text-editor\" data-id=\"c601340\" data-element_type=\"widget\" data-widget_type=\"text-editor.default\">\n\t\t\t\t<div class=\"elementor-widget-container\">\n\t\t\t\t\t\t\t\t<div class=\"elementor-text-editor elementor-clearfix\">\n\t\t\t\t<p><\/p><p><span style=\"font-size: 10pt;\"><strong>Note:<\/strong> Depending on the number of guests in the house the rooms will be opened, considered that each room fits 2 adults, if 4 guests in the house, 2 rooms will be opened. If 6 guests, 3 rooms will be opened. If 8 guests, 4 rooms will be opened.<br \/><\/span><\/p><p><span style=\"font-size: 10pt;\">\u00a0<\/span><\/p>\t\t\t\t\t<\/div>\n\t\t\t\t\t\t<\/div>\n\t\t\t\t<\/div>\n\t\t\t\t\t\t<\/div>\n\t\t\t\t\t<\/div>\n\t\t<\/div>\n\t\t\t\t\t\t\t\t<\/div>\n\t\t\t\t\t<\/div>\n\t\t<\/section>\n\t\t\t\t<section class=\"elementor-section elementor-top-section elementor-element elementor-element-7ccdcd8 elementor-hidden-desktop elementor-hidden-tablet elementor-hidden-phone elementor-section-boxed elementor-section-height-default elementor-section-height-default\" data-id=\"7ccdcd8\" data-element_type=\"section\">\n\t\t\t\t\t\t<div class=\"elementor-container elementor-column-gap-extended\">\n\t\t\t\t\t\t\t<div class=\"elementor-row\">\n\t\t\t\t\t<div class=\"elementor-column elementor-col-50 elementor-top-column elementor-element elementor-element-d867e87\" data-id=\"d867e87\" data-element_type=\"column\">\n\t\t\t<div class=\"elementor-column-wrap elementor-element-populated\">\n\t\t\t\t\t\t\t<div class=\"elementor-widget-wrap\">\n\t\t\t\t\t\t<div class=\"elementor-element elementor-element-f472b0f elementor-widget elementor-widget-text-editor\" data-id=\"f472b0f\" data-element_type=\"widget\" data-widget_type=\"text-editor.default\">\n\t\t\t\t<div class=\"elementor-widget-container\">\n\t\t\t\t\t\t\t\t<div class=\"elementor-text-editor elementor-clearfix\">\n\t\t\t\t<p><b>PAYMENT TERMS<\/b><\/p><p>The deposit is refundable during Middle and Low Season. Guests will have the freedom to change or cancel at no charge within 24 hours prior to arrival during Middle and Low Season.<\/p><p>During High Season, reservations require a one-night non-refundable deposit.<\/p><p>High Season reservations cancelled less than 30 days prior to arrival will be responsible for 100% of remaining balance. The hotel will hold the payment until you are able to reschedule your dates.\u00a0<\/p>\t\t\t\t\t<\/div>\n\t\t\t\t\t\t<\/div>\n\t\t\t\t<\/div>\n\t\t\t\t\t\t<\/div>\n\t\t\t\t\t<\/div>\n\t\t<\/div>\n\t\t\t\t<div class=\"elementor-column elementor-col-50 elementor-top-column elementor-element elementor-element-26ff4fe\" data-id=\"26ff4fe\" data-element_type=\"column\">\n\t\t\t<div class=\"elementor-column-wrap elementor-element-populated\">\n\t\t\t\t\t\t\t<div class=\"elementor-widget-wrap\">\n\t\t\t\t\t\t<div class=\"elementor-element elementor-element-51bff6a elementor-widget elementor-widget-text-editor\" data-id=\"51bff6a\" data-element_type=\"widget\" data-widget_type=\"text-editor.default\">\n\t\t\t\t<div class=\"elementor-widget-container\">\n\t\t\t\t\t\t\t\t<div class=\"elementor-text-editor elementor-clearfix\">\n\t\t\t\t<p><b>POLICIES<\/b><\/p><p>The rates are in USD. 19% tax included. Room rate only.<br \/>Not valid on existing reservations. Not available to 3rd party booking sites. This new flexible rate is subject to change without notice.<\/p><p>Also, the hotel is introducing our new flexible cancellation policies during these unprecedented times. Guests will have the freedom to change or cancel at no charge within 24 hours prior to arrival during Middle and Low Season. During High Season, reservations require a one-night non-refundable deposit.<\/p><p>High Season reservations cancelled less than 30 days prior to arrival will be responsible for 100% of remaining balance. The hotel will hold the payment until you are able to reschedule your dates.<\/p><p>Ground, Second, Third and Fourth King rooms sleep three adults; or two adults and two children. Garden View King sleeps two persons.<\/p>\t\t\t\t\t<\/div>\n\t\t\t\t\t\t<\/div>\n\t\t\t\t<\/div>\n\t\t\t\t\t\t<\/div>\n\t\t\t\t\t<\/div>\n\t\t<\/div>\n\t\t\t\t\t\t\t\t<\/div>\n\t\t\t\t\t<\/div>\n\t\t<\/section>\n\t\t\t\t<section class=\"elementor-section elementor-top-section elementor-element elementor-element-2eb9236 elementor-section-boxed elementor-section-height-default elementor-section-height-default\" data-id=\"2eb9236\" data-element_type=\"section\">\n\t\t\t\t\t\t<div class=\"elementor-container elementor-column-gap-default\">\n\t\t\t\t\t\t\t<div class=\"elementor-row\">\n\t\t\t\t\t<div class=\"elementor-column elementor-col-100 elementor-top-column elementor-element elementor-element-7cf8189\" data-id=\"7cf8189\" data-element_type=\"column\">\n\t\t\t<div class=\"elementor-column-wrap elementor-element-populated\">\n\t\t\t\t\t\t\t<div class=\"elementor-widget-wrap\">\n\t\t\t\t\t\t<div class=\"elementor-element elementor-element-9fb9068 elementor-widget elementor-widget-fswp-text-unfold\" data-id=\"9fb9068\" data-element_type=\"widget\" data-widget_type=\"fswp-text-unfold.default\">\n\t\t\t\t<div class=\"elementor-widget-container\">\n\t\t\t        <div class=\"fswp-elt--read-more-main-wrapper\">\n                    <div class=\"fswp-elt--read-more-title-wrapper\">\n            <h5 class=\"fswp-elt--read-more-title\">Hotel Rules \u2013 Please note the following during your stay:<\/h5>        <\/div><!--read-more-title-wrapper-->\n            <div class=\"fswp-elt--read-more-content-wrapper\">\n                            <div class=\"fswp-elt--read-more-content\">\n                    <ul><li>The entire stay must be paid in advance.<\/li><li>In the event of a no-show, the deposit is non-refundable, but may be used as credit for a future stay within 6 months of the original reservation date, at any time of the year, paying the difference in rate, if applicable, and subject to availability.<\/li><li>After 11:00 p.m., guests are requested to maintain silence to respect the rest of their guests.<\/li><li>Unregistered guests are not allowed to enter or stay. Failure to comply with this rule will result in the cancellation of the room.<\/li><li>Hanging clothes in common areas or on the room's balconies is prohibited.<\/li><li>The cost for a wet or stained mattress is $400.00 MXN.<\/li><li>The cost for a damaged or lost towel is $200.00 MXN.<\/li><li>Check-out is at 12:00 p.m.<\/li><li>Towels and remote controls must be returned to reception in perfect condition.<\/li><li>Failure to do so will result in the replacement fee indicated by the hotel.<\/li><li>The hotel is not responsible for valuables left in the room.<\/li><li>Smoking is prohibited inside the rooms.<\/li><li>The use of speakers is not permitted within the hotel.<\/li><\/ul>                <\/div>\n                                    <a class=\"fswp-elt--read-more more show-icon\"\n                        data-height=\"128\"\n                        data-more=\"Read more\"\n                        data-less=\"Read less\">\n                        <span class=\"fswp-elt--read-more-text\">\n                            Read more                        <\/span>\n                                                    <span class=\"fswp-elt--read-more-icon more\">\n                                <i aria-hidden=\"true\" class=\"fas fa-chevron-down\"><\/i>                            <\/span>\n                                                                            <span class=\"fswp-elt--read-more-icon less\">\n                                <i aria-hidden=\"true\" class=\"fas fa-chevron-up\"><\/i>                            <\/span>\n                                            <\/a>\n                    <\/div><!--read-more-content-wrapper-->\n        <\/div>\n    \t\t<\/div>\n\t\t\t\t<\/div>\n\t\t\t\t\t\t<\/div>\n\t\t\t\t\t<\/div>\n\t\t<\/div>\n\t\t\t\t\t\t\t\t<\/div>\n\t\t\t\t\t<\/div>\n\t\t<\/section>\n\t\t\t\t\t\t\t\t\t<\/div>\n\t\t\t<\/div>\n\t\t\t\t\t<\/div>\n\t\t","protected":false},"excerpt":{"rendered":"<p>Los ni\u00f1os entran gratis, pero solo dos (2) menores de hasta ocho (8) a\u00f1os. De 9 a\u00f1os en adelante deben [&hellip;]<\/p>\n","protected":false},"author":1,"featured_media":0,"parent":0,"menu_order":0,"comment_status":"closed","ping_status":"closed","template":"","meta":{"site-sidebar-layout":"default","site-content-layout":"","ast-site-content-layout":"default","site-content-style":"default","site-sidebar-style":"default","ast-global-header-display":"","ast-banner-title-visibility":"","ast-main-header-display":"","ast-hfb-above-header-display":"","ast-hfb-below-header-display":"","ast-hfb-mobile-header-display":"","site-post-title":"disabled","ast-breadcrumbs-content":"","ast-featured-img":"","footer-sml-layout":"","theme-transparent-header-meta":"default","adv-header-id-meta":"","stick-header-meta":"","header-above-stick-meta":"","header-main-stick-meta":"","header-below-stick-meta":"","astra-migrate-meta-layouts":"set","ast-page-background-enabled":"default","ast-page-background-meta":{"desktop":{"background-color":"var(--ast-global-color-4)","background-image":"","background-repeat":"repeat","background-position":"center center","background-size":"auto","background-attachment":"scroll","background-type":"","background-media":"","overlay-type":"","overlay-color":"","overlay-gradient":""},"tablet":{"background-color":"","background-image":"","background-repeat":"repeat","background-position":"center center","background-size":"auto","background-attachment":"scroll","background-type":"","background-media":"","overlay-type":"","overlay-color":"","overlay-gradient":""},"mobile":{"background-color":"","background-image":"","background-repeat":"repeat","background-position":"center center","background-size":"auto","background-attachment":"scroll","background-type":"","background-media":"","overlay-type":"","overlay-color":"","overlay-gradient":""}},"ast-content-background-meta":{"desktop":{"background-color":"var(--ast-global-color-5)","background-image":"","background-repeat":"repeat","background-position":"center center","background-size":"auto","background-attachment":"scroll","background-type":"","background-media":"","overlay-type":"","overlay-color":"","overlay-gradient":""},"tablet":{"background-color":"var(--ast-global-color-5)","background-image":"","background-repeat":"repeat","background-position":"center center","background-size":"auto","background-attachment":"scroll","background-type":"","background-media":"","overlay-type":"","overlay-color":"","overlay-gradient":""},"mobile":{"background-color":"var(--ast-global-color-5)","background-image":"","background-repeat":"repeat","background-position":"center center","background-size":"auto","background-attachment":"scroll","background-type":"","background-media":"","overlay-type":"","overlay-color":"","overlay-gradient":""}},"footnotes":""},"class_list":["post-316","page","type-page","status-publish","hentry"],"lang":"en","translations":{"en":316,"es":2},"pll_sync_post":[],"_links":{"self":[{"href":"https:\/\/thebookingcloud.com\/akawe\/wp-json\/wp\/v2\/pages\/316","targetHints":{"allow":["GET"]}}],"collection":[{"href":"https:\/\/thebookingcloud.com\/akawe\/wp-json\/wp\/v2\/pages"}],"about":[{"href":"https:\/\/thebookingcloud.com\/akawe\/wp-json\/wp\/v2\/types\/page"}],"author":[{"embeddable":true,"href":"https:\/\/thebookingcloud.com\/akawe\/wp-json\/wp\/v2\/users\/1"}],"replies":[{"embeddable":true,"href":"https:\/\/thebookingcloud.com\/akawe\/wp-json\/wp\/v2\/comments?post=316"}],"version-history":[{"count":8,"href":"https:\/\/thebookingcloud.com\/akawe\/wp-json\/wp\/v2\/pages\/316\/revisions"}],"predecessor-version":[{"id":442,"href":"https:\/\/thebookingcloud.com\/akawe\/wp-json\/wp\/v2\/pages\/316\/revisions\/442"}],"wp:attachment":[{"href":"https:\/\/thebookingcloud.com\/akawe\/wp-json\/wp\/v2\/media?parent=316"}],"curies":[{"name":"wp","href":"https:\/\/api.w.org\/{rel}","templated":true}]}}