{"id":2,"date":"2019-05-18T22:43:17","date_gmt":"2019-05-19T01:43:17","guid":{"rendered":"https:\/\/thebookingcloud.com\/akawe\/?page_id=2"},"modified":"2025-12-01T15:51:44","modified_gmt":"2025-12-01T18:51:44","slug":"inicio-2","status":"publish","type":"page","link":"https:\/\/thebookingcloud.com\/akawe\/","title":{"rendered":"Reserve en l\u00ednea"},"content":{"rendered":"\t\t<div data-elementor-type=\"wp-page\" data-elementor-id=\"2\" class=\"elementor elementor-2\">\n\t\t\t\t\t\t<div class=\"elementor-inner\">\n\t\t\t\t<div class=\"elementor-section-wrap\">\n\t\t\t\t\t\t\t\t\t<section class=\"elementor-section elementor-top-section elementor-element elementor-element-b24e295 elementor-section-stretched elementor-hidden-desktop elementor-hidden-tablet elementor-hidden-mobile elementor-section-boxed elementor-section-height-default elementor-section-height-default\" data-id=\"b24e295\" data-element_type=\"section\" data-settings=\"{&quot;stretch_section&quot;:&quot;section-stretched&quot;,&quot;background_background&quot;:&quot;gradient&quot;}\">\n\t\t\t\t\t\t<div class=\"elementor-container elementor-column-gap-default\">\n\t\t\t\t\t\t\t<div class=\"elementor-row\">\n\t\t\t\t\t<div class=\"elementor-column elementor-col-50 elementor-top-column elementor-element elementor-element-ebe88f7\" data-id=\"ebe88f7\" data-element_type=\"column\">\n\t\t\t<div class=\"elementor-column-wrap elementor-element-populated\">\n\t\t\t\t\t\t\t<div class=\"elementor-widget-wrap\">\n\t\t\t\t\t\t<div class=\"elementor-element elementor-element-c95b774 elementor-invisible elementor-widget elementor-widget-image\" data-id=\"c95b774\" data-element_type=\"widget\" data-settings=\"{&quot;_animation&quot;:&quot;flash&quot;}\" data-widget_type=\"image.default\">\n\t\t\t\t<div class=\"elementor-widget-container\">\n\t\t\t\t\t\t\t\t<div class=\"elementor-image\">\n\t\t\t\t\t\t\t\t\t\t\t\t<img loading=\"lazy\" decoding=\"async\" width=\"64\" height=\"64\" src=\"https:\/\/thebookingcloud.com\/akawe\/wp-content\/uploads\/2025\/07\/active-1.png\" class=\"attachment-thumbnail size-thumbnail wp-image-411\" alt=\"\" \/>\t\t\t\t\t\t\t\t\t\t\t\t\t\t<\/div>\n\t\t\t\t\t\t<\/div>\n\t\t\t\t<\/div>\n\t\t\t\t\t\t<\/div>\n\t\t\t\t\t<\/div>\n\t\t<\/div>\n\t\t\t\t<div class=\"elementor-column elementor-col-50 elementor-top-column elementor-element elementor-element-b537ec5\" data-id=\"b537ec5\" data-element_type=\"column\">\n\t\t\t<div class=\"elementor-column-wrap elementor-element-populated\">\n\t\t\t\t\t\t\t<div class=\"elementor-widget-wrap\">\n\t\t\t\t\t\t<div class=\"elementor-element elementor-element-cb7f3f9 elementor-widget elementor-widget-text-editor\" data-id=\"cb7f3f9\" data-element_type=\"widget\" data-widget_type=\"text-editor.default\">\n\t\t\t\t<div class=\"elementor-widget-container\">\n\t\t\t\t\t\t\t\t<div class=\"elementor-text-editor elementor-clearfix\">\n\t\t\t\t<p class=\"p1\">RESERVAS 2026 ABIERTAS \u2013 \u00a1No te pierdas tus fechas favoritas!<\/p>\t\t\t\t\t<\/div>\n\t\t\t\t\t\t<\/div>\n\t\t\t\t<\/div>\n\t\t\t\t\t\t<\/div>\n\t\t\t\t\t<\/div>\n\t\t<\/div>\n\t\t\t\t\t\t\t\t<\/div>\n\t\t\t\t\t<\/div>\n\t\t<\/section>\n\t\t\t\t<section class=\"elementor-section elementor-top-section elementor-element elementor-element-c1bd2f2 elementor-section-boxed elementor-section-height-default elementor-section-height-default\" data-id=\"c1bd2f2\" data-element_type=\"section\">\n\t\t\t\t\t\t<div class=\"elementor-container elementor-column-gap-default\">\n\t\t\t\t\t\t\t<div class=\"elementor-row\">\n\t\t\t\t\t<div class=\"elementor-column elementor-col-100 elementor-top-column elementor-element elementor-element-7f2efdd\" data-id=\"7f2efdd\" data-element_type=\"column\">\n\t\t\t<div class=\"elementor-column-wrap elementor-element-populated\">\n\t\t\t\t\t\t\t<div class=\"elementor-widget-wrap\">\n\t\t\t\t\t\t<div class=\"elementor-element elementor-element-29c871f elementor-widget elementor-widget-text-editor\" data-id=\"29c871f\" data-element_type=\"widget\" data-widget_type=\"text-editor.default\">\n\t\t\t\t<div class=\"elementor-widget-container\">\n\t\t\t\t\t\t\t\t<div class=\"elementor-text-editor elementor-clearfix\">\n\t\t\t\t<p><\/p>\t\t\t\t\t<\/div>\n\t\t\t\t\t\t<\/div>\n\t\t\t\t<\/div>\n\t\t\t\t<div class=\"elementor-element elementor-element-3dde0eb elementor-widget elementor-widget-image\" data-id=\"3dde0eb\" data-element_type=\"widget\" data-widget_type=\"image.default\">\n\t\t\t\t<div class=\"elementor-widget-container\">\n\t\t\t\t\t\t\t\t<div class=\"elementor-image\">\n\t\t\t\t\t\t\t\t\t\t\t\t<img loading=\"lazy\" decoding=\"async\" width=\"400\" height=\"34\" src=\"https:\/\/thebookingcloud.com\/akawe\/wp-content\/uploads\/2025\/06\/secure-payment-credit-cards-by-Stripe-Visa-MasterCard-American-Express.jpg\" class=\"attachment-full size-full wp-image-309\" alt=\"\" srcset=\"https:\/\/thebookingcloud.com\/akawe\/wp-content\/uploads\/2025\/06\/secure-payment-credit-cards-by-Stripe-Visa-MasterCard-American-Express.jpg 400w, https:\/\/thebookingcloud.com\/akawe\/wp-content\/uploads\/2025\/06\/secure-payment-credit-cards-by-Stripe-Visa-MasterCard-American-Express-300x26.jpg 300w\" sizes=\"auto, (max-width: 400px) 100vw, 400px\" \/>\t\t\t\t\t\t\t\t\t\t\t\t\t\t<\/div>\n\t\t\t\t\t\t<\/div>\n\t\t\t\t<\/div>\n\t\t\t\t<div class=\"elementor-element elementor-element-502f064 elementor-widget-divider--view-line elementor-widget elementor-widget-divider\" data-id=\"502f064\" data-element_type=\"widget\" data-widget_type=\"divider.default\">\n\t\t\t\t<div class=\"elementor-widget-container\">\n\t\t\t\t\t<div class=\"elementor-divider\">\n\t\t\t<span class=\"elementor-divider-separator\">\n\t\t\t\t\t\t<\/span>\n\t\t<\/div>\n\t\t\t\t<\/div>\n\t\t\t\t<\/div>\n\t\t\t\t\t\t<\/div>\n\t\t\t\t\t<\/div>\n\t\t<\/div>\n\t\t\t\t\t\t\t\t<\/div>\n\t\t\t\t\t<\/div>\n\t\t<\/section>\n\t\t\t\t<section class=\"elementor-section elementor-top-section elementor-element elementor-element-f0ccc3d elementor-section-boxed elementor-section-height-default elementor-section-height-default\" data-id=\"f0ccc3d\" data-element_type=\"section\">\n\t\t\t\t\t\t<div class=\"elementor-container elementor-column-gap-default\">\n\t\t\t\t\t\t\t<div class=\"elementor-row\">\n\t\t\t\t\t<div class=\"elementor-column elementor-col-100 elementor-top-column elementor-element elementor-element-4a13ad3\" data-id=\"4a13ad3\" data-element_type=\"column\">\n\t\t\t<div class=\"elementor-column-wrap elementor-element-populated\">\n\t\t\t\t\t\t\t<div class=\"elementor-widget-wrap\">\n\t\t\t\t\t\t<div class=\"elementor-element elementor-element-b42662f elementor-widget elementor-widget-fswp-text-unfold\" data-id=\"b42662f\" data-element_type=\"widget\" data-widget_type=\"fswp-text-unfold.default\">\n\t\t\t\t<div class=\"elementor-widget-container\">\n\t\t\t        <div class=\"fswp-elt--read-more-main-wrapper\">\n                    <div class=\"fswp-elt--read-more-title-wrapper\">\n            <h5 class=\"fswp-elt--read-more-title\">Reglamento del hotel \u2013 Te pedimos tomar en cuenta lo siguiente durante tu estancia:<\/h5>        <\/div><!--read-more-title-wrapper-->\n            <div class=\"fswp-elt--read-more-content-wrapper\">\n                            <div class=\"fswp-elt--read-more-content\">\n                    <ul><li class=\"p1\">El total de la estancia debe pagarse por adelantado.<\/li><li>En temporada alta (15 de noviembre al 31 de diciembre), en caso de no presentarse a la reserva, el anticipo no es reembolsable. El resto del a\u00f1o, en caso de no presentarse a la reserva, el anticipo aunque no es reembolsable <strong>podr\u00e1 utilizarse como cr\u00e9dito<\/strong> para una futura estancia durante los 6 meses posteriores a la fecha original de la reserva, en cualquier momento del a\u00f1o, abonando la diferencia de tarifa si corresponde y sujeto a disponibilidad.<\/li><li class=\"p1\">A partir de las 11:00 p.\u202fm. se solicita mantener silencio para respetar el descanso de todos los hu\u00e9spedes.<\/li><li class=\"p1\">No se permite el acceso ni la permanencia de personas no registradas. En caso de no respetar esta regla, la habitaci\u00f3n ser\u00e1 cancelada.<\/li><li class=\"p1\">Est\u00e1 prohibido colgar ropa en \u00e1reas comunes o en los balcones de la habitaci\u00f3n.<\/li><li class=\"p1\">El costo por colch\u00f3n mojado o manchado es de $400.00 MXN.<\/li><li class=\"p1\">El costo por toalla da\u00f1ada o extraviada es de $200.00 MXN.<\/li><li class=\"p1\">La salida (check-out) es a las 12:00 del mediod\u00eda. Es necesario entregar en recepci\u00f3n las toallas y controles <span class=\"s1\"><b>en perfecto estado<\/b><\/span>. En caso contrario, se deber\u00e1 cubrir el costo de reposici\u00f3n que indique el hotel.<\/li><li class=\"p1\">El hotel no se hace responsable por objetos de valor olvidados en la habitaci\u00f3n.<\/li><li class=\"p1\">Est\u00e1 prohibido fumar dentro de las habitaciones.<\/li><li class=\"p1\">No se permite el uso de bocinas dentro de las instalaciones.<\/li><\/ul>                <\/div>\n                                    <a class=\"fswp-elt--read-more more show-icon\"\n                        data-height=\"128\"\n                        data-more=\"Leer m\u00e1s\"\n                        data-less=\"Leer menos\">\n                        <span class=\"fswp-elt--read-more-text\">\n                            Leer m\u00e1s                        <\/span>\n                                                    <span class=\"fswp-elt--read-more-icon more\">\n                                <i aria-hidden=\"true\" class=\"fas fa-chevron-down\"><\/i>                            <\/span>\n                                                                            <span class=\"fswp-elt--read-more-icon less\">\n                                <i aria-hidden=\"true\" class=\"fas fa-chevron-up\"><\/i>                            <\/span>\n                                            <\/a>\n                    <\/div><!--read-more-content-wrapper-->\n        <\/div>\n    \t\t<\/div>\n\t\t\t\t<\/div>\n\t\t\t\t\t\t<\/div>\n\t\t\t\t\t<\/div>\n\t\t<\/div>\n\t\t\t\t\t\t\t\t<\/div>\n\t\t\t\t\t<\/div>\n\t\t<\/section>\n\t\t\t\t<section class=\"elementor-section elementor-top-section elementor-element elementor-element-7ccdcd8 elementor-hidden-desktop elementor-hidden-tablet elementor-hidden-phone elementor-section-boxed elementor-section-height-default elementor-section-height-default\" data-id=\"7ccdcd8\" data-element_type=\"section\">\n\t\t\t\t\t\t<div class=\"elementor-container elementor-column-gap-extended\">\n\t\t\t\t\t\t\t<div class=\"elementor-row\">\n\t\t\t\t\t<div class=\"elementor-column elementor-col-50 elementor-top-column elementor-element elementor-element-d867e87\" data-id=\"d867e87\" data-element_type=\"column\">\n\t\t\t<div class=\"elementor-column-wrap elementor-element-populated\">\n\t\t\t\t\t\t\t<div class=\"elementor-widget-wrap\">\n\t\t\t\t\t\t<div class=\"elementor-element elementor-element-f472b0f elementor-widget elementor-widget-text-editor\" data-id=\"f472b0f\" data-element_type=\"widget\" data-widget_type=\"text-editor.default\">\n\t\t\t\t<div class=\"elementor-widget-container\">\n\t\t\t\t\t\t\t\t<div class=\"elementor-text-editor elementor-clearfix\">\n\t\t\t\t<p><b>PAYMENT TERMS<\/b><\/p><p>The deposit is refundable during Middle and Low Season. Guests will have the freedom to change or cancel at no charge within 24 hours prior to arrival during Middle and Low Season.<\/p><p>During High Season, reservations require a one-night non-refundable deposit.<\/p><p>High Season reservations cancelled less than 30 days prior to arrival will be responsible for 100% of remaining balance. The hotel will hold the payment until you are able to reschedule your dates.\u00a0<\/p>\t\t\t\t\t<\/div>\n\t\t\t\t\t\t<\/div>\n\t\t\t\t<\/div>\n\t\t\t\t\t\t<\/div>\n\t\t\t\t\t<\/div>\n\t\t<\/div>\n\t\t\t\t<div class=\"elementor-column elementor-col-50 elementor-top-column elementor-element elementor-element-26ff4fe\" data-id=\"26ff4fe\" data-element_type=\"column\">\n\t\t\t<div class=\"elementor-column-wrap elementor-element-populated\">\n\t\t\t\t\t\t\t<div class=\"elementor-widget-wrap\">\n\t\t\t\t\t\t<div class=\"elementor-element elementor-element-51bff6a elementor-widget elementor-widget-text-editor\" data-id=\"51bff6a\" data-element_type=\"widget\" data-widget_type=\"text-editor.default\">\n\t\t\t\t<div class=\"elementor-widget-container\">\n\t\t\t\t\t\t\t\t<div class=\"elementor-text-editor elementor-clearfix\">\n\t\t\t\t<p><b>POLICIES<\/b><\/p><p>The rates are in USD. 19% tax included. Room rate only.<br \/>Not valid on existing reservations. Not available to 3rd party booking sites. This new flexible rate is subject to change without notice.<\/p><p>Also, the hotel is introducing our new flexible cancellation policies during these unprecedented times. Guests will have the freedom to change or cancel at no charge within 24 hours prior to arrival during Middle and Low Season. During High Season, reservations require a one-night non-refundable deposit.<\/p><p>High Season reservations cancelled less than 30 days prior to arrival will be responsible for 100% of remaining balance. The hotel will hold the payment until you are able to reschedule your dates.<\/p><p>Ground, Second, Third and Fourth King rooms sleep three adults; or two adults and two children. Garden View King sleeps two persons.<\/p>\t\t\t\t\t<\/div>\n\t\t\t\t\t\t<\/div>\n\t\t\t\t<\/div>\n\t\t\t\t\t\t<\/div>\n\t\t\t\t\t<\/div>\n\t\t<\/div>\n\t\t\t\t\t\t\t\t<\/div>\n\t\t\t\t\t<\/div>\n\t\t<\/section>\n\t\t\t\t<section class=\"elementor-section elementor-top-section elementor-element elementor-element-2148858 elementor-hidden-desktop elementor-hidden-tablet elementor-hidden-phone elementor-section-boxed elementor-section-height-default elementor-section-height-default\" data-id=\"2148858\" data-element_type=\"section\">\n\t\t\t\t\t\t<div class=\"elementor-container elementor-column-gap-default\">\n\t\t\t\t\t\t\t<div class=\"elementor-row\">\n\t\t\t\t\t<div class=\"elementor-column elementor-col-100 elementor-top-column elementor-element elementor-element-3dedd54\" data-id=\"3dedd54\" data-element_type=\"column\">\n\t\t\t<div class=\"elementor-column-wrap elementor-element-populated\">\n\t\t\t\t\t\t\t<div class=\"elementor-widget-wrap\">\n\t\t\t\t\t\t<section class=\"elementor-section elementor-inner-section elementor-element elementor-element-e656d1c elementor-section-boxed elementor-section-height-default elementor-section-height-default\" data-id=\"e656d1c\" data-element_type=\"section\">\n\t\t\t\t\t\t<div class=\"elementor-container elementor-column-gap-default\">\n\t\t\t\t\t\t\t<div class=\"elementor-row\">\n\t\t\t\t\t<div class=\"elementor-column elementor-col-50 elementor-inner-column elementor-element elementor-element-4ab2258\" data-id=\"4ab2258\" data-element_type=\"column\">\n\t\t\t<div class=\"elementor-column-wrap elementor-element-populated\">\n\t\t\t\t\t\t\t<div class=\"elementor-widget-wrap\">\n\t\t\t\t\t\t<div class=\"elementor-element elementor-element-101470a elementor-widget elementor-widget-image\" data-id=\"101470a\" data-element_type=\"widget\" data-widget_type=\"image.default\">\n\t\t\t\t<div class=\"elementor-widget-container\">\n\t\t\t\t\t\t\t\t<div class=\"elementor-image\">\n\t\t\t\t\t\t\t\t\t\t\t\t<img loading=\"lazy\" decoding=\"async\" width=\"128\" height=\"128\" src=\"https:\/\/thebookingcloud.com\/akawe\/wp-content\/uploads\/2021\/09\/info.png\" class=\"attachment-thumbnail size-thumbnail wp-image-253\" alt=\"\" srcset=\"https:\/\/thebookingcloud.com\/akawe\/wp-content\/uploads\/2021\/09\/info.png 128w, https:\/\/thebookingcloud.com\/akawe\/wp-content\/uploads\/2021\/09\/info-66x66.png 66w\" sizes=\"auto, (max-width: 128px) 100vw, 128px\" \/>\t\t\t\t\t\t\t\t\t\t\t\t\t\t<\/div>\n\t\t\t\t\t\t<\/div>\n\t\t\t\t<\/div>\n\t\t\t\t\t\t<\/div>\n\t\t\t\t\t<\/div>\n\t\t<\/div>\n\t\t\t\t<div class=\"elementor-column elementor-col-50 elementor-inner-column elementor-element elementor-element-70f281f\" data-id=\"70f281f\" data-element_type=\"column\">\n\t\t\t<div class=\"elementor-column-wrap elementor-element-populated\">\n\t\t\t\t\t\t\t<div class=\"elementor-widget-wrap\">\n\t\t\t\t\t\t<div class=\"elementor-element elementor-element-3977715 elementor-widget elementor-widget-text-editor\" data-id=\"3977715\" data-element_type=\"widget\" data-widget_type=\"text-editor.default\">\n\t\t\t\t<div class=\"elementor-widget-container\">\n\t\t\t\t\t\t\t\t<div class=\"elementor-text-editor elementor-clearfix\">\n\t\t\t\t<p>Los ni\u00f1os entran gratis, pero solo dos (2) menores de hasta ocho (8) a\u00f1os. De 9 a\u00f1os en adelante deben reservarse como adultos. Las habitaciones son dobles con un m\u00e1ximo de cuatro (4) pasajeros.<\/p>\t\t\t\t\t<\/div>\n\t\t\t\t\t\t<\/div>\n\t\t\t\t<\/div>\n\t\t\t\t\t\t<\/div>\n\t\t\t\t\t<\/div>\n\t\t<\/div>\n\t\t\t\t\t\t\t\t<\/div>\n\t\t\t\t\t<\/div>\n\t\t<\/section>\n\t\t\t\t\t\t<\/div>\n\t\t\t\t\t<\/div>\n\t\t<\/div>\n\t\t\t\t\t\t\t\t<\/div>\n\t\t\t\t\t<\/div>\n\t\t<\/section>\n\t\t\t\t\t\t\t\t\t<\/div>\n\t\t\t<\/div>\n\t\t\t\t\t<\/div>\n\t\t","protected":false},"excerpt":{"rendered":"<p>RESERVAS 2026 ABIERTAS \u2013 \u00a1No te pierdas tus fechas favoritas! Reglamento del hotel \u2013 Te pedimos tomar en cuenta lo [&hellip;]<\/p>\n","protected":false},"author":1,"featured_media":0,"parent":0,"menu_order":0,"comment_status":"closed","ping_status":"closed","template":"","meta":{"site-sidebar-layout":"default","site-content-layout":"","ast-site-content-layout":"default","site-content-style":"default","site-sidebar-style":"default","ast-global-header-display":"","ast-banner-title-visibility":"","ast-main-header-display":"","ast-hfb-above-header-display":"","ast-hfb-below-header-display":"","ast-hfb-mobile-header-display":"","site-post-title":"disabled","ast-breadcrumbs-content":"","ast-featured-img":"","footer-sml-layout":"","theme-transparent-header-meta":"default","adv-header-id-meta":"","stick-header-meta":"","header-above-stick-meta":"","header-main-stick-meta":"","header-below-stick-meta":"","astra-migrate-meta-layouts":"set","ast-page-background-enabled":"default","ast-page-background-meta":{"desktop":{"background-color":"var(--ast-global-color-4)","background-image":"","background-repeat":"repeat","background-position":"center center","background-size":"auto","background-attachment":"scroll","background-type":"","background-media":"","overlay-type":"","overlay-color":"","overlay-gradient":""},"tablet":{"background-color":"","background-image":"","background-repeat":"repeat","background-position":"center center","background-size":"auto","background-attachment":"scroll","background-type":"","background-media":"","overlay-type":"","overlay-color":"","overlay-gradient":""},"mobile":{"background-color":"","background-image":"","background-repeat":"repeat","background-position":"center center","background-size":"auto","background-attachment":"scroll","background-type":"","background-media":"","overlay-type":"","overlay-color":"","overlay-gradient":""}},"ast-content-background-meta":{"desktop":{"background-color":"var(--ast-global-color-5)","background-image":"","background-repeat":"repeat","background-position":"center center","background-size":"auto","background-attachment":"scroll","background-type":"","background-media":"","overlay-type":"","overlay-color":"","overlay-gradient":""},"tablet":{"background-color":"var(--ast-global-color-5)","background-image":"","background-repeat":"repeat","background-position":"center center","background-size":"auto","background-attachment":"scroll","background-type":"","background-media":"","overlay-type":"","overlay-color":"","overlay-gradient":""},"mobile":{"background-color":"var(--ast-global-color-5)","background-image":"","background-repeat":"repeat","background-position":"center center","background-size":"auto","background-attachment":"scroll","background-type":"","background-media":"","overlay-type":"","overlay-color":"","overlay-gradient":""}},"footnotes":""},"class_list":["post-2","page","type-page","status-publish","hentry"],"lang":"es","translations":{"es":2,"en":316},"pll_sync_post":[],"_links":{"self":[{"href":"https:\/\/thebookingcloud.com\/akawe\/wp-json\/wp\/v2\/pages\/2","targetHints":{"allow":["GET"]}}],"collection":[{"href":"https:\/\/thebookingcloud.com\/akawe\/wp-json\/wp\/v2\/pages"}],"about":[{"href":"https:\/\/thebookingcloud.com\/akawe\/wp-json\/wp\/v2\/types\/page"}],"author":[{"embeddable":true,"href":"https:\/\/thebookingcloud.com\/akawe\/wp-json\/wp\/v2\/users\/1"}],"replies":[{"embeddable":true,"href":"https:\/\/thebookingcloud.com\/akawe\/wp-json\/wp\/v2\/comments?post=2"}],"version-history":[{"count":44,"href":"https:\/\/thebookingcloud.com\/akawe\/wp-json\/wp\/v2\/pages\/2\/revisions"}],"predecessor-version":[{"id":451,"href":"https:\/\/thebookingcloud.com\/akawe\/wp-json\/wp\/v2\/pages\/2\/revisions\/451"}],"wp:attachment":[{"href":"https:\/\/thebookingcloud.com\/akawe\/wp-json\/wp\/v2\/media?parent=2"}],"curies":[{"name":"wp","href":"https:\/\/api.w.org\/{rel}","templated":true}]}}